{"id":820,"date":"2025-11-27T15:13:51","date_gmt":"2025-11-27T13:13:51","guid":{"rendered":"https:\/\/antxieta.eus\/?page_id=820"},"modified":"2026-01-19T12:49:13","modified_gmt":"2026-01-19T10:49:13","slug":"oferta-educativa","status":"publish","type":"page","link":"https:\/\/antxieta.eus\/es\/oferta-educativa\/","title":{"rendered":"Oferta educativa"},"content":{"rendered":"<p>[et_pb_section fb_built=\u00bb1&#8243; _builder_version=\u00bb4.27.5&#8243; _module_preset=\u00bbdefault\u00bb locked=\u00bboff\u00bb global_colors_info=\u00bb{}\u00bb][et_pb_row _builder_version=\u00bb4.27.5&#8243; _module_preset=\u00bbdefault\u00bb global_colors_info=\u00bb{}\u00bb][et_pb_column type=\u00bb4_4&#8243; _builder_version=\u00bb4.27.5&#8243; _module_preset=\u00bbdefault\u00bb global_colors_info=\u00bb{}\u00bb][et_pb_accordion _builder_version=\u00bb4.27.5&#8243; _module_preset=\u00bbdefault\u00bb hover_enabled=\u00bb0&#8243; global_colors_info=\u00bb{}\u00bb sticky_enabled=\u00bb0&#8243;][et_pb_accordion_item title=\u00bbOFERTA EDUCATIVA GENERAL\u00bb _builder_version=\u00bb4.27.5&#8243; _module_preset=\u00bbdefault\u00bb hover_enabled=\u00bb0&#8243; global_colors_info=\u00bb{}\u00bb toggle_level=\u00bbh2&#8243; toggle_font_size=\u00bb18px\u00bb open=\u00bbon\u00bb sticky_enabled=\u00bb0&#8243;]<\/p>\n<h3>Escuela de m\u00fasica en Azpeitia con m\u00e1s de 40 a\u00f1os de experiencia<\/h3>\n<p>Juan Antxieta Musika Eskola es un centro dedicado a la ense\u00f1anza musical. Ubicados en Azpeitia, llevamos m\u00e1s de 40 a\u00f1os fomentando la afici\u00f3n musical entre los habitantes del pueblo y de los alrededores.<br \/>Nuestra oferta es muy variada y nos adaptamos a diferentes edades y colectivos.<\/p>\n<h3>Ense\u00f1anza musical integral para ni\u00f1os y adultos<\/h3>\n<p>Teniendo en cuenta que la m\u00fasica es un lenguaje universal, nos centramos en los beneficios que aporta su desarrollo y trabajamos para ofrecer una educaci\u00f3n que permita alcanzar un desarrollo musical integral, tanto en ni\u00f1os como en adultos.<\/p>\n<h3>Iniciaci\u00f3n musical y estimulaci\u00f3n temprana para ni\u00f1os<\/h3>\n<p>En el caso de los m\u00e1s peque\u00f1os, utilizamos la estimulaci\u00f3n y el juego para reforzar las primeras bases del desarrollo musical. A trav\u00e9s de iniciativas como M\u00fasica en familia, Musika Txokoa o Iniciaci\u00f3n Musical, enriquecemos las experiencias musicales de los ni\u00f1os y establecemos los fundamentos del lenguaje musical.<\/p>\n<h3>Clases de instrumentos y formaci\u00f3n musical completa a partir de los 8 a\u00f1os<\/h3>\n<p>A partir de los 8 a\u00f1os, contamos con una amplia oferta de instrumentos. Ya sea con instrumentos de viento, cuerda o percusi\u00f3n, construimos puentes para disfrutar de la m\u00fasica y hacer disfrutar a nuestros alumnos. Adem\u00e1s de aprender a tocar un instrumento, en Juan Antxieta Musika Eskola damos gran importancia a una ense\u00f1anza musical completa. Por eso, a\u00f1adimos materias como Lenguaje Musical, Coro o Conjunto Instrumental a las opciones de aprendizaje instrumental. Actualmente, impartimos Lenguaje Musical con la ayuda de la plataforma Aulavirtualmusica, combinando gamificaci\u00f3n y recursos did\u00e1cticos online con las din\u00e1micas del aula.<\/p>\n<h3>Clases de m\u00fasica para adultos en Azpeitia<\/h3>\n<p>Nuestra oferta no se limita a los ni\u00f1os; cada vez sois m\u00e1s los adultos que os acerc\u00e1is con el deseo de disfrutar de la m\u00fasica. Para vosotros tambi\u00e9n contamos con una amplia oferta instrumental, y os ofrecemos v\u00edas para crear m\u00fasica tanto de forma individual como en grupo. Tambi\u00e9n construimos puentes para que la ense\u00f1anza musical de adultos sea completa, y hemos creado grupos de Lenguaje Musical, Conjuntos Instrumentales y otras formaciones basadas en la experiencia musical, con el fin de lograr un aprendizaje significativo.<\/p>\n<p>&nbsp;<\/p>\n<p>[\/et_pb_accordion_item][et_pb_accordion_item title=\u00bbESTUDIOS GENERALES\u00bb _builder_version=\u00bb4.27.5&#8243; _module_preset=\u00bbdefault\u00bb global_colors_info=\u00bb{}\u00bb toggle_level=\u00bbh2&#8243; toggle_font_size=\u00bb18px\u00bb open=\u00bboff\u00bb]<\/p>\n<ul>\n<li>ENSE\u00d1ANZA M\u00daLTIPLES INSTRUMENTOS<\/li>\n<li>LENGUAJE MUSICAL<\/li>\n<li>RINC\u00d3N MUSICAL E INICIACI\u00d3N<\/li>\n<li>M\u00daSICA EN FAMILIA<\/li>\n<li>NUEVAS ESTRELLAS<\/li>\n<\/ul>\n<p>[\/et_pb_accordion_item][et_pb_accordion_item title=\u00bbESTUDIOS COMPLEMENTARIOS\u00bb _builder_version=\u00bb4.27.5&#8243; _module_preset=\u00bbdefault\u00bb global_colors_info=\u00bb{}\u00bb toggle_level=\u00bbh2&#8243; toggle_font_size=\u00bb18px\u00bb open=\u00bboff\u00bb]<\/p>\n<ul>\n<li>CONJUNTOS INSTRUMENTALES<\/li>\n<li>BANDA JOVEN<\/li>\n<li>CORO<\/li>\n<li>TERAPIA MUSICAL<\/li>\n<\/ul>\n<p>[\/et_pb_accordion_item][et_pb_accordion_item title=\u00bbOFERTA EDUCATIVA INSTRUMENTO\u00bb _builder_version=\u00bb4.27.5&#8243; _module_preset=\u00bbdefault\u00bb global_colors_info=\u00bb{}\u00bb toggle_level=\u00bbh2&#8243; toggle_font_size=\u00bb18px\u00bb open=\u00bboff\u00bb]<\/p>\n<p>En Juan Antxieta Musika Eskola contamos con una amplia oferta de instrumentos. Ofrecemos un espacio id\u00f3neo para completar los estudios de diversas especialidades y para adquirir conocimientos instrumentales tanto de forma individual como en grupo. Con la ayuda de un profesor especializado como gu\u00eda, te acompa\u00f1aremos para que el instrumento se convierta en una herramienta de disfrute.<\/p>\n<p>[\/et_pb_accordion_item][\/et_pb_accordion][\/et_pb_column][\/et_pb_row][\/et_pb_section]<\/p>\n","protected":false},"excerpt":{"rendered":"<p>Escuela de m\u00fasica en Azpeitia con m\u00e1s de 40 a\u00f1os de experiencia Juan Antxieta Musika Eskola es un centro dedicado a la ense\u00f1anza musical. Ubicados en Azpeitia, llevamos m\u00e1s de 40 a\u00f1os fomentando la afici\u00f3n musical entre los habitantes del pueblo y de los alrededores.Nuestra oferta es muy variada y nos adaptamos a diferentes edades [&hellip;]<\/p>\n","protected":false},"author":2,"featured_media":0,"parent":0,"menu_order":0,"comment_status":"closed","ping_status":"closed","template":"","meta":{"_et_pb_use_builder":"on","_et_pb_old_content":"<p>[et_pb_section fb_built=\"1\" _builder_version=\"4.27.5\" _module_preset=\"default\" global_colors_info=\"{}\"][et_pb_row _builder_version=\"4.27.5\" _module_preset=\"default\" global_colors_info=\"{}\"][et_pb_column type=\"4_4\" _builder_version=\"4.27.5\" _module_preset=\"default\" global_colors_info=\"{}\"][et_pb_text _builder_version=\"4.27.5\" _module_preset=\"default\" global_colors_info=\"{}\"][\/et_pb_text][\/et_pb_column][\/et_pb_row][\/et_pb_section]<\/p>","_et_gb_content_width":"","footnotes":""},"class_list":["post-820","page","type-page","status-publish","hentry"],"yoast_head":"<!-- This site is optimized with the Yoast SEO plugin v26.9 - https:\/\/yoast.com\/product\/yoast-seo-wordpress\/ -->\n<title>Oferta educativa en m\u00fasica y danza| Juan de Antxieta Musika Eskola<\/title>\n<meta name=\"description\" content=\"Descubre la oferta educativa de Antxieta Musika Eskola: cursos de m\u00fasica y danza para todas las edades, desde iniciaci\u00f3n hasta perfeccionamiento. Conoce nuestros instrumentos, actividades culturales y conciertos.\" \/>\n<meta name=\"robots\" content=\"index, follow, max-snippet:-1, max-image-preview:large, max-video-preview:-1\" \/>\n<link rel=\"canonical\" href=\"https:\/\/antxieta.eus\/es\/oferta-educativa\/\" \/>\n<meta property=\"og:locale\" content=\"es_ES\" \/>\n<meta property=\"og:type\" content=\"article\" \/>\n<meta property=\"og:title\" content=\"Oferta educativa en m\u00fasica y danza| Juan de Antxieta Musika Eskola\" \/>\n<meta property=\"og:description\" content=\"Descubre la oferta educativa de Antxieta Musika Eskola: cursos de m\u00fasica y danza para todas las edades, desde iniciaci\u00f3n hasta perfeccionamiento. Conoce nuestros instrumentos, actividades culturales y conciertos.\" \/>\n<meta property=\"og:url\" content=\"https:\/\/antxieta.eus\/es\/oferta-educativa\/\" \/>\n<meta property=\"og:site_name\" content=\"Juan de Antxieta Musika Eskola\" \/>\n<meta property=\"article:modified_time\" content=\"2026-01-19T10:49:13+00:00\" \/>\n<meta name=\"twitter:card\" content=\"summary_large_image\" \/>\n<meta name=\"twitter:label1\" content=\"Tiempo de lectura\" \/>\n\t<meta name=\"twitter:data1\" content=\"3 minutos\" \/>\n<script type=\"application\/ld+json\" class=\"yoast-schema-graph\">{\"@context\":\"https:\/\/schema.org\",\"@graph\":[{\"@type\":\"WebPage\",\"@id\":\"https:\/\/antxieta.eus\/es\/oferta-educativa\/\",\"url\":\"https:\/\/antxieta.eus\/es\/oferta-educativa\/\",\"name\":\"Oferta educativa en m\u00fasica y danza| Juan de Antxieta Musika Eskola\",\"isPartOf\":{\"@id\":\"https:\/\/antxieta.eus\/es\/#website\"},\"datePublished\":\"2025-11-27T13:13:51+00:00\",\"dateModified\":\"2026-01-19T10:49:13+00:00\",\"description\":\"Descubre la oferta educativa de Antxieta Musika Eskola: cursos de m\u00fasica y danza para todas las edades, desde iniciaci\u00f3n hasta perfeccionamiento. Conoce nuestros instrumentos, actividades culturales y conciertos.\",\"breadcrumb\":{\"@id\":\"https:\/\/antxieta.eus\/es\/oferta-educativa\/#breadcrumb\"},\"inLanguage\":\"es\",\"potentialAction\":[{\"@type\":\"ReadAction\",\"target\":[\"https:\/\/antxieta.eus\/es\/oferta-educativa\/\"]}]},{\"@type\":\"BreadcrumbList\",\"@id\":\"https:\/\/antxieta.eus\/es\/oferta-educativa\/#breadcrumb\",\"itemListElement\":[{\"@type\":\"ListItem\",\"position\":1,\"name\":\"Home\",\"item\":\"https:\/\/antxieta.eus\/es\/\"},{\"@type\":\"ListItem\",\"position\":2,\"name\":\"Oferta educativa\"}]},{\"@type\":\"WebSite\",\"@id\":\"https:\/\/antxieta.eus\/es\/#website\",\"url\":\"https:\/\/antxieta.eus\/es\/\",\"name\":\"Juan de Antxieta Musika Eskola\",\"description\":\"Zure doinua aurkitu, zure ahotsa entzun.\",\"potentialAction\":[{\"@type\":\"SearchAction\",\"target\":{\"@type\":\"EntryPoint\",\"urlTemplate\":\"https:\/\/antxieta.eus\/es\/?s={search_term_string}\"},\"query-input\":{\"@type\":\"PropertyValueSpecification\",\"valueRequired\":true,\"valueName\":\"search_term_string\"}}],\"inLanguage\":\"es\"}]}<\/script>\n<!-- \/ Yoast SEO plugin. -->","yoast_head_json":{"title":"Oferta educativa en m\u00fasica y danza| Juan de Antxieta Musika Eskola","description":"Descubre la oferta educativa de Antxieta Musika Eskola: cursos de m\u00fasica y danza para todas las edades, desde iniciaci\u00f3n hasta perfeccionamiento. Conoce nuestros instrumentos, actividades culturales y conciertos.","robots":{"index":"index","follow":"follow","max-snippet":"max-snippet:-1","max-image-preview":"max-image-preview:large","max-video-preview":"max-video-preview:-1"},"canonical":"https:\/\/antxieta.eus\/es\/oferta-educativa\/","og_locale":"es_ES","og_type":"article","og_title":"Oferta educativa en m\u00fasica y danza| Juan de Antxieta Musika Eskola","og_description":"Descubre la oferta educativa de Antxieta Musika Eskola: cursos de m\u00fasica y danza para todas las edades, desde iniciaci\u00f3n hasta perfeccionamiento. Conoce nuestros instrumentos, actividades culturales y conciertos.","og_url":"https:\/\/antxieta.eus\/es\/oferta-educativa\/","og_site_name":"Juan de Antxieta Musika Eskola","article_modified_time":"2026-01-19T10:49:13+00:00","twitter_card":"summary_large_image","twitter_misc":{"Tiempo de lectura":"3 minutos"},"schema":{"@context":"https:\/\/schema.org","@graph":[{"@type":"WebPage","@id":"https:\/\/antxieta.eus\/es\/oferta-educativa\/","url":"https:\/\/antxieta.eus\/es\/oferta-educativa\/","name":"Oferta educativa en m\u00fasica y danza| Juan de Antxieta Musika Eskola","isPartOf":{"@id":"https:\/\/antxieta.eus\/es\/#website"},"datePublished":"2025-11-27T13:13:51+00:00","dateModified":"2026-01-19T10:49:13+00:00","description":"Descubre la oferta educativa de Antxieta Musika Eskola: cursos de m\u00fasica y danza para todas las edades, desde iniciaci\u00f3n hasta perfeccionamiento. Conoce nuestros instrumentos, actividades culturales y conciertos.","breadcrumb":{"@id":"https:\/\/antxieta.eus\/es\/oferta-educativa\/#breadcrumb"},"inLanguage":"es","potentialAction":[{"@type":"ReadAction","target":["https:\/\/antxieta.eus\/es\/oferta-educativa\/"]}]},{"@type":"BreadcrumbList","@id":"https:\/\/antxieta.eus\/es\/oferta-educativa\/#breadcrumb","itemListElement":[{"@type":"ListItem","position":1,"name":"Home","item":"https:\/\/antxieta.eus\/es\/"},{"@type":"ListItem","position":2,"name":"Oferta educativa"}]},{"@type":"WebSite","@id":"https:\/\/antxieta.eus\/es\/#website","url":"https:\/\/antxieta.eus\/es\/","name":"Juan de Antxieta Musika Eskola","description":"Zure doinua aurkitu, zure ahotsa entzun.","potentialAction":[{"@type":"SearchAction","target":{"@type":"EntryPoint","urlTemplate":"https:\/\/antxieta.eus\/es\/?s={search_term_string}"},"query-input":{"@type":"PropertyValueSpecification","valueRequired":true,"valueName":"search_term_string"}}],"inLanguage":"es"}]}},"_links":{"self":[{"href":"https:\/\/antxieta.eus\/es\/wp-json\/wp\/v2\/pages\/820","targetHints":{"allow":["GET"]}}],"collection":[{"href":"https:\/\/antxieta.eus\/es\/wp-json\/wp\/v2\/pages"}],"about":[{"href":"https:\/\/antxieta.eus\/es\/wp-json\/wp\/v2\/types\/page"}],"author":[{"embeddable":true,"href":"https:\/\/antxieta.eus\/es\/wp-json\/wp\/v2\/users\/2"}],"replies":[{"embeddable":true,"href":"https:\/\/antxieta.eus\/es\/wp-json\/wp\/v2\/comments?post=820"}],"version-history":[{"count":11,"href":"https:\/\/antxieta.eus\/es\/wp-json\/wp\/v2\/pages\/820\/revisions"}],"predecessor-version":[{"id":1292,"href":"https:\/\/antxieta.eus\/es\/wp-json\/wp\/v2\/pages\/820\/revisions\/1292"}],"wp:attachment":[{"href":"https:\/\/antxieta.eus\/es\/wp-json\/wp\/v2\/media?parent=820"}],"curies":[{"name":"wp","href":"https:\/\/api.w.org\/{rel}","templated":true}]}}