{"id":457,"date":"2025-12-05T15:00:11","date_gmt":"2025-12-05T13:00:11","guid":{"rendered":"https:\/\/antxieta.eus\/?page_id=457"},"modified":"2026-01-14T18:44:17","modified_gmt":"2026-01-14T16:44:17","slug":"politica-de-cookies","status":"publish","type":"page","link":"https:\/\/antxieta.eus\/es\/politica-de-cookies\/","title":{"rendered":"Pol\u00edtica de Cookies"},"content":{"rendered":"<p>[et_pb_section fb_built=\u00bb1&#8243; _builder_version=\u00bb4.27.4&#8243; _module_preset=\u00bbdefault\u00bb global_colors_info=\u00bb{}\u00bb][et_pb_row _builder_version=\u00bb4.27.4&#8243; _module_preset=\u00bbdefault\u00bb global_colors_info=\u00bb{}\u00bb][et_pb_column type=\u00bb4_4&#8243; _builder_version=\u00bb4.27.4&#8243; _module_preset=\u00bbdefault\u00bb global_colors_info=\u00bb{}\u00bb][et_pb_text _builder_version=\u00bb4.27.4&#8243; _module_preset=\u00bbdefault\u00bb global_colors_info=\u00bb{}\u00bb]<\/p>\n<section>\n<div class=\"container\">\n<h2>\u00bfQu\u00e9 son las cookies?<\/h2>\n<p>Esta Pol\u00edtica de cookies explica qu\u00e9 son las cookies y c\u00f3mo las utilizamos, los tipos de cookies que utilizamos, es decir, la informaci\u00f3n que recopilamos mediante el uso de cookies y c\u00f3mo se utiliza esa informaci\u00f3n, y c\u00f3mo administrar la configuraci\u00f3n de las cookies.<\/p>\n<p>Las cookies son peque\u00f1os archivos de texto que se utilizan para almacenar peque\u00f1as piezas de informaci\u00f3n. Se almacenan en su dispositivo cuando el sitio web se carga en su navegador.Estas cookies nos ayudan a hacer que el sitio web funcione correctamente, lo hacen m\u00e1s seguro, proporcionan una mejor experiencia de usuario y entienden c\u00f3mo funciona el sitio web y analizan qu\u00e9 funciona y d\u00f3nde necesita mejorar.<\/p>\n<p>&nbsp;<\/p>\n<h2>\u00bfC\u00f3mo utilizamos las cookies?<\/h2>\n<p>Al igual que la mayor\u00eda de los servicios en l\u00ednea, nuestro sitio web utiliza cookies propias y de terceros para varios fines. Las cookies de primera parte son en su mayor\u00eda necesarias para que el sitio web funcione correctamente, y no recopilan ning\u00fan dato personal identificable.<\/p>\n<p>Las cookies de terceros utilizadas en nuestro sitio web son principalmente para comprender c\u00f3mo funciona el sitio web, c\u00f3mo interact\u00faa con nuestro sitio web, mantener nuestros servicios seguros, proporcionar anuncios que sean relevantes para usted, y en general, proporcionarle una mejor y mejorada experiencia de usuario y ayudar a acelerar sus futuras interacciones con nuestro sitio web.<\/p>\n<p>&nbsp;<\/p>\n<h2><strong>Las cookies que utilizamos en nuestra web<\/strong><\/h2>\n<p>[wcc_category_list]<\/p>\n<p>&nbsp;<\/p>\n<h2>Gestionar las preferencias de cookies<\/h2>\n<p>Puedes cambiar tus preferencias de cookies en cualquier momento haciendo clic en el bot\u00f3n [wcc_preference_button]. Esto te permitir\u00e1 volver a visitar el banner de consentimiento de cookies y cambiar tus preferencias o retirar tu consentimiento de inmediato. Adem\u00e1s, los diferentes navegadores ofrecen diferentes m\u00e9todos para bloquear y eliminar las cookies utilizadas por los sitios web. Puedes cambiar la configuraci\u00f3n de tu navegador para bloquear\/ eliminar las cookies. A continuaci\u00f3n se enumeran los enlaces a los documentos de apoyo sobre c\u00f3mo gestionar y eliminar las cookies de los principales navegadores web.<\/p>\n<p>Chrome: <a href=\"https:\/\/support.google.com\/accounts\/answer\/32050\"> https:\/\/support.google.com\/accounts\/answer\/32050<\/a><\/p>\n<p>Safari: <a href=\"https:\/\/support.apple.com\/en-in\/guide\/safari\/sfri11471\/mac\">https:\/\/support.apple.com\/en-in\/guide\/safari\/sfri11471\/mac<\/a><\/p>\n<p>Firefox: <a href=\"https:\/\/support.mozilla.org\/en-US\/kb\/clear-cookies-and-site-data-firefox?redirectslug=delete-cookies-remove-info-websites-stored&amp;redirectlocale=en-US\">https:\/\/support.mozilla.org\/en-US\/kb\/clear-cookies-and-site-data-firefox?redirectslug=delete-cookies-remove-info-websites-stored&amp;redirectlocale=en-US<\/a><\/p>\n<p>Microsoft Edge: <a href=\"https:\/\/support.microsoft.com\/en-us\/microsoft-edge\/delete-cookies-in-microsoft-edge-63947406-40ac-c3b8-57b9-2a946a29ae09\"> Delete cookies in Microsoft Edge &#8211; Microsoft Support<\/a><\/p>\n<p>Si est\u00e1s utilizando cualquier otro navegador web, por favor visita los documentos de soporte oficial de tu navegador.<\/p>\n<\/div>\n<\/section>\n<p>[\/et_pb_text][\/et_pb_column][\/et_pb_row][\/et_pb_section]<\/p>\n","protected":false},"excerpt":{"rendered":"<p>\u00bfQu\u00e9 son las cookies? Esta Pol\u00edtica de cookies explica qu\u00e9 son las cookies y c\u00f3mo las utilizamos, los tipos de cookies que utilizamos, es decir, la informaci\u00f3n que recopilamos mediante el uso de cookies y c\u00f3mo se utiliza esa informaci\u00f3n, y c\u00f3mo administrar la configuraci\u00f3n de las cookies. Las cookies son peque\u00f1os archivos de texto [&hellip;]<\/p>\n","protected":false},"author":2,"featured_media":0,"parent":0,"menu_order":0,"comment_status":"closed","ping_status":"closed","template":"","meta":{"_et_pb_use_builder":"on","_et_pb_old_content":"[et_pb_section fb_built=\"1\" _builder_version=\"4.27.4\" _module_preset=\"default\" global_colors_info=\"{}\"][et_pb_row _builder_version=\"4.27.4\" _module_preset=\"default\" global_colors_info=\"{}\"][et_pb_column type=\"4_4\" _builder_version=\"4.27.4\" _module_preset=\"default\" global_colors_info=\"{}\"][et_pb_text _builder_version=\"4.27.4\" _module_preset=\"default\" global_colors_info=\"{}\"]<section>\r\n<div class=\"container\">\r\n<p>\u00a0<\/p>\r\n<h2>Zer dira cookieak?<\/h2>\r\n<br\/>\r\n<p>Cookien Politika honek azaltzen du zer diren cookieak eta nola erabiltzen ditugun, zer cookie mota erabiltzen ditugun, hau da, zer informazio biltzen dugun cookieak erabiliz eta nola erabiltzen den informazio hori, eta nola kudeatu cookieen konfigurazioa.<\/p>\r\n<p>Cookieak testu-fitxategi txikiak dira, informazio-pieza txikiak gordetzeko erabiltzen direnak. Zure gailuan gordetzen dira webgunea zure navegador.Estas cookieetan kargatzen denean, webgunea behar bezala funtziona dezan laguntzen digute, seguruago egiten dute, erabiltzailearen esperientzia hobea ematen dute eta webgunea nola funtzionatzen duen ulertzen dute eta zer funtzionatzen duen eta non hobetu behar duen aztertzen dute.<\/p>\r\n\r\n<p>\u00a0<\/p>\r\n<h2>Nola erabiltzen ditugu cookie-ak?<\/h2>\r\n<br\/>\r\n<p>Lineako zerbitzu gehienek bezala, gure webguneak cookie propioak eta hirugarrenenak erabiltzen ditu hainbat helburutarako. Lehen zatiko cookie gehienak beharrezkoak dira webguneak behar bezala funtziona dezan, eta ez dute datu pertsonal identifikagarririk biltzen.<\/p>\r\n<p>Gure webgunean erabiltzen ditugun hirugarrenen cookieak, nagusiki, webgunearen funtzionamendua ulertzeko dira, gure webgunearekin nola elkarreragiten duen ulertzeko, gure zerbitzu seguruak mantentzeko, zuretzat garrantzitsuak diren iragarkiak eskaintzeko, eta, oro har, erabiltzailearen esperientzia hobea eta hobea eskaintzeko eta gure webgunearekin etorkizunean izango dituzun interakzioak bizkortzen laguntzeko.<\/p>\r\n<p>\u00a0<\/p>\r\n<h2><strong>Gure webgunean erabiltzen ditugun cookieak<\/strong><\/h2>\r\n<br\/>\r\n[wcc_category_list]\r\n<p>\u00a0<\/p>\r\n<h2>Cookien lehentasunak kudeatzea<\/h2>\r\n<br\/>\r\nEdozein unetan alda ditzakezu zure cookie-hobespenak [wcc_preference_button] botoian klik eginez. Horrek aukera emango dizu cookieen onespen-bannerra berriro bisitatzeko eta zure lehentasunak aldatzeko edo zure baimena berehala kentzeko. Gainera, nabigatzaileek webguneek erabiltzen dituzten cookieak blokeatzeko eta ezabatzeko hainbat metodo eskaintzen dituzte. Zure nabigatzailearen konfigurazioa alda dezakezu cookieak blokeatzeko\/ezabatzeko. Jarraian, web-nabigatzaile nagusien cookieak nola kudeatu eta ezabatzeko laguntza-dokumentuetarako estekak zerrendatzen dira.\r\n\r\nBeste edozein nabigatzaile erabiltzen ari bazara, mesedez, bisitatu zure nabigatzailearen euskarri ofizialeko dokumentuak.\r\n\r\n<\/div>\r\n<\/section>[\/et_pb_text][\/et_pb_column][\/et_pb_row][\/et_pb_section]","_et_gb_content_width":"","footnotes":""},"class_list":["post-457","page","type-page","status-publish","hentry"],"yoast_head":"<!-- This site is optimized with the Yoast SEO plugin v26.9 - https:\/\/yoast.com\/product\/yoast-seo-wordpress\/ -->\n<title>Pol\u00edtica de Cookies | Juan de Antxieta Musika Eskola<\/title>\n<meta name=\"robots\" content=\"noindex, nofollow\" \/>\n<meta property=\"og:locale\" content=\"es_ES\" \/>\n<meta property=\"og:type\" content=\"article\" \/>\n<meta property=\"og:title\" content=\"Pol\u00edtica de Cookies | Juan de Antxieta Musika Eskola\" \/>\n<meta property=\"og:description\" content=\"\u00bfQu\u00e9 son las cookies? Esta Pol\u00edtica de cookies explica qu\u00e9 son las cookies y c\u00f3mo las utilizamos, los tipos de cookies que utilizamos, es decir, la informaci\u00f3n que recopilamos mediante el uso de cookies y c\u00f3mo se utiliza esa informaci\u00f3n, y c\u00f3mo administrar la configuraci\u00f3n de las cookies. Las cookies son peque\u00f1os archivos de texto [&hellip;]\" \/>\n<meta property=\"og:url\" content=\"https:\/\/antxieta.eus\/es\/politica-de-cookies\/\" \/>\n<meta property=\"og:site_name\" content=\"Juan de Antxieta Musika Eskola\" \/>\n<meta property=\"article:modified_time\" content=\"2026-01-14T16:44:17+00:00\" \/>\n<meta name=\"twitter:card\" content=\"summary_large_image\" \/>\n<meta name=\"twitter:label1\" content=\"Tiempo de lectura\" \/>\n\t<meta name=\"twitter:data1\" content=\"2 minutos\" \/>\n<script type=\"application\/ld+json\" class=\"yoast-schema-graph\">{\"@context\":\"https:\/\/schema.org\",\"@graph\":[{\"@type\":\"WebPage\",\"@id\":\"https:\/\/antxieta.eus\/es\/politica-de-cookies\/\",\"url\":\"https:\/\/antxieta.eus\/es\/politica-de-cookies\/\",\"name\":\"Pol\u00edtica de Cookies | Juan de Antxieta Musika Eskola\",\"isPartOf\":{\"@id\":\"https:\/\/antxieta.eus\/es\/#website\"},\"datePublished\":\"2025-12-05T13:00:11+00:00\",\"dateModified\":\"2026-01-14T16:44:17+00:00\",\"breadcrumb\":{\"@id\":\"https:\/\/antxieta.eus\/es\/politica-de-cookies\/#breadcrumb\"},\"inLanguage\":\"es\",\"potentialAction\":[{\"@type\":\"ReadAction\",\"target\":[\"https:\/\/antxieta.eus\/es\/politica-de-cookies\/\"]}]},{\"@type\":\"BreadcrumbList\",\"@id\":\"https:\/\/antxieta.eus\/es\/politica-de-cookies\/#breadcrumb\",\"itemListElement\":[{\"@type\":\"ListItem\",\"position\":1,\"name\":\"Home\",\"item\":\"https:\/\/antxieta.eus\/es\/\"},{\"@type\":\"ListItem\",\"position\":2,\"name\":\"Pol\u00edtica de Cookies\"}]},{\"@type\":\"WebSite\",\"@id\":\"https:\/\/antxieta.eus\/es\/#website\",\"url\":\"https:\/\/antxieta.eus\/es\/\",\"name\":\"Juan de Antxieta Musika Eskola\",\"description\":\"Zure doinua aurkitu, zure ahotsa entzun.\",\"potentialAction\":[{\"@type\":\"SearchAction\",\"target\":{\"@type\":\"EntryPoint\",\"urlTemplate\":\"https:\/\/antxieta.eus\/es\/?s={search_term_string}\"},\"query-input\":{\"@type\":\"PropertyValueSpecification\",\"valueRequired\":true,\"valueName\":\"search_term_string\"}}],\"inLanguage\":\"es\"}]}<\/script>\n<!-- \/ Yoast SEO plugin. -->","yoast_head_json":{"title":"Pol\u00edtica de Cookies | Juan de Antxieta Musika Eskola","robots":{"index":"noindex","follow":"nofollow"},"og_locale":"es_ES","og_type":"article","og_title":"Pol\u00edtica de Cookies | Juan de Antxieta Musika Eskola","og_description":"\u00bfQu\u00e9 son las cookies? Esta Pol\u00edtica de cookies explica qu\u00e9 son las cookies y c\u00f3mo las utilizamos, los tipos de cookies que utilizamos, es decir, la informaci\u00f3n que recopilamos mediante el uso de cookies y c\u00f3mo se utiliza esa informaci\u00f3n, y c\u00f3mo administrar la configuraci\u00f3n de las cookies. Las cookies son peque\u00f1os archivos de texto [&hellip;]","og_url":"https:\/\/antxieta.eus\/es\/politica-de-cookies\/","og_site_name":"Juan de Antxieta Musika Eskola","article_modified_time":"2026-01-14T16:44:17+00:00","twitter_card":"summary_large_image","twitter_misc":{"Tiempo de lectura":"2 minutos"},"schema":{"@context":"https:\/\/schema.org","@graph":[{"@type":"WebPage","@id":"https:\/\/antxieta.eus\/es\/politica-de-cookies\/","url":"https:\/\/antxieta.eus\/es\/politica-de-cookies\/","name":"Pol\u00edtica de Cookies | Juan de Antxieta Musika Eskola","isPartOf":{"@id":"https:\/\/antxieta.eus\/es\/#website"},"datePublished":"2025-12-05T13:00:11+00:00","dateModified":"2026-01-14T16:44:17+00:00","breadcrumb":{"@id":"https:\/\/antxieta.eus\/es\/politica-de-cookies\/#breadcrumb"},"inLanguage":"es","potentialAction":[{"@type":"ReadAction","target":["https:\/\/antxieta.eus\/es\/politica-de-cookies\/"]}]},{"@type":"BreadcrumbList","@id":"https:\/\/antxieta.eus\/es\/politica-de-cookies\/#breadcrumb","itemListElement":[{"@type":"ListItem","position":1,"name":"Home","item":"https:\/\/antxieta.eus\/es\/"},{"@type":"ListItem","position":2,"name":"Pol\u00edtica de Cookies"}]},{"@type":"WebSite","@id":"https:\/\/antxieta.eus\/es\/#website","url":"https:\/\/antxieta.eus\/es\/","name":"Juan de Antxieta Musika Eskola","description":"Zure doinua aurkitu, zure ahotsa entzun.","potentialAction":[{"@type":"SearchAction","target":{"@type":"EntryPoint","urlTemplate":"https:\/\/antxieta.eus\/es\/?s={search_term_string}"},"query-input":{"@type":"PropertyValueSpecification","valueRequired":true,"valueName":"search_term_string"}}],"inLanguage":"es"}]}},"_links":{"self":[{"href":"https:\/\/antxieta.eus\/es\/wp-json\/wp\/v2\/pages\/457","targetHints":{"allow":["GET"]}}],"collection":[{"href":"https:\/\/antxieta.eus\/es\/wp-json\/wp\/v2\/pages"}],"about":[{"href":"https:\/\/antxieta.eus\/es\/wp-json\/wp\/v2\/types\/page"}],"author":[{"embeddable":true,"href":"https:\/\/antxieta.eus\/es\/wp-json\/wp\/v2\/users\/2"}],"replies":[{"embeddable":true,"href":"https:\/\/antxieta.eus\/es\/wp-json\/wp\/v2\/comments?post=457"}],"version-history":[{"count":5,"href":"https:\/\/antxieta.eus\/es\/wp-json\/wp\/v2\/pages\/457\/revisions"}],"predecessor-version":[{"id":483,"href":"https:\/\/antxieta.eus\/es\/wp-json\/wp\/v2\/pages\/457\/revisions\/483"}],"wp:attachment":[{"href":"https:\/\/antxieta.eus\/es\/wp-json\/wp\/v2\/media?parent=457"}],"curies":[{"name":"wp","href":"https:\/\/api.w.org\/{rel}","templated":true}]}}