{"id":1190,"date":"2025-12-20T12:56:43","date_gmt":"2025-12-20T10:56:43","guid":{"rendered":"https:\/\/antxieta.eus\/?page_id=1190"},"modified":"2026-01-14T18:52:19","modified_gmt":"2026-01-14T16:52:19","slug":"matriculacion","status":"publish","type":"page","link":"https:\/\/antxieta.eus\/es\/matriculacion\/","title":{"rendered":"Matriculaci\u00f3n"},"content":{"rendered":"<p>[et_pb_section fb_built=\u00bb1&#8243; _builder_version=\u00bb4.27.5&#8243; _module_preset=\u00bbdefault\u00bb global_colors_info=\u00bb{}\u00bb][et_pb_row _builder_version=\u00bb4.27.5&#8243; _module_preset=\u00bbdefault\u00bb global_colors_info=\u00bb{}\u00bb][et_pb_column type=\u00bb4_4&#8243; _builder_version=\u00bb4.27.5&#8243; _module_preset=\u00bbdefault\u00bb global_colors_info=\u00bb{}\u00bb][et_pb_text _builder_version=\u00bb4.27.5&#8243; _module_preset=\u00bbdefault\u00bb text_text_color=\u00bb#343434&#8243; global_colors_info=\u00bb{}\u00bb]<\/p>\n<p>En la escuela de m\u00fasica Juan Antxieta tenemos una oferta muy variada. Para acceder a estas opciones hay que inscribirse y aqu\u00ed ten\u00e9is los criterios para ello:<\/p>\n<p>[\/et_pb_text][\/et_pb_column][\/et_pb_row][et_pb_row column_structure=\u00bb1_3,1_3,1_3&#8243; _builder_version=\u00bb4.27.5&#8243; _module_preset=\u00bbdefault\u00bb global_colors_info=\u00bb{}\u00bb][et_pb_column type=\u00bb1_3&#8243; _builder_version=\u00bb4.27.5&#8243; _module_preset=\u00bbdefault\u00bb global_colors_info=\u00bb{}\u00bb][et_pb_text admin_label=\u00bbnon\u00bb _builder_version=\u00bb4.27.5&#8243; _module_preset=\u00bbdefault\u00bb text_text_color=\u00bb#343434&#8243; custom_padding=\u00bb30px|30px|30px|30px|true|true\u00bb hover_enabled=\u00bb0&#8243; border_width_all=\u00bb1px\u00bb border_color_all=\u00bb#d23e70&#8243; global_colors_info=\u00bb{}\u00bb sticky_enabled=\u00bb0&#8243;]<\/p>\n<p><strong><span style=\"color: #d23e70;\">\u00bfD\u00d3NDE?<\/span><\/strong><\/p>\n<p><strong>Soreasu 1<\/strong>, en la oficina de la planta 2\u00aa.<\/p>\n<p>a trav\u00e9s del correo electr\u00f3nico antxieta@antxieta.eus, <strong>completando el formulario<\/strong> disponible en la p\u00e1gina web.<\/p>\n<p><strong>Llamando<\/strong> al 656 008 040.<\/p>\n<p>[\/et_pb_text][\/et_pb_column][et_pb_column type=\u00bb1_3&#8243; _builder_version=\u00bb4.27.5&#8243; _module_preset=\u00bbdefault\u00bb global_colors_info=\u00bb{}\u00bb][et_pb_text admin_label=\u00bbnoiz\u00bb _builder_version=\u00bb4.27.5&#8243; _module_preset=\u00bbdefault\u00bb text_text_color=\u00bb#343434&#8243; custom_padding=\u00bb30px|30px|30px|30px|true|true\u00bb border_width_all=\u00bb1px\u00bb border_color_all=\u00bb#d23e70&#8243; global_colors_info=\u00bb{}\u00bb]<\/p>\n<p><strong><span style=\"color: #d23e70;\">\u00bfCU\u00c1NDO?<\/span><\/strong><\/p>\n<p>Plazo general en <strong>Mayo<\/strong>:<br \/>1\u00aa quincena: Para los que ya son alumnos.<br \/>2\u00aa quincena: Para nuevos alumnos.<\/p>\n<p>Segundo plazo en <strong>Septiembre<\/strong> para las plazas que han quedado libres.<\/p>\n<p>Posibilidad de participar en diferentes grupos y actividades <strong>a lo largo del a\u00f1o<\/strong>.<\/p>\n<p>[\/et_pb_text][\/et_pb_column][et_pb_column type=\u00bb1_3&#8243; _builder_version=\u00bb4.27.5&#8243; _module_preset=\u00bbdefault\u00bb global_colors_info=\u00bb{}\u00bb][et_pb_text admin_label=\u00bbzenbat\u00bb _builder_version=\u00bb4.27.5&#8243; _module_preset=\u00bbdefault\u00bb text_text_color=\u00bb#343434&#8243; custom_padding=\u00bb30px|30px|30px|30px|true|true\u00bb border_width_all=\u00bb1px\u00bb border_color_all=\u00bb#d23e70&#8243; global_colors_info=\u00bb{}\u00bb]<\/p>\n<p><strong><span style=\"color: #d23e70;\">\u00bfCU\u00c1NTO?<\/span><\/strong><\/p>\n<p>La matr\u00edcula tiene un coste de <strong>25\u20ac <\/strong>y debe renovarse anualmente.<\/p>\n<p>[\/et_pb_text][\/et_pb_column][\/et_pb_row][et_pb_row _builder_version=\u00bb4.27.5&#8243; _module_preset=\u00bbdefault\u00bb global_colors_info=\u00bb{}\u00bb][et_pb_column type=\u00bb4_4&#8243; _builder_version=\u00bb4.27.5&#8243; _module_preset=\u00bbdefault\u00bb global_colors_info=\u00bb{}\u00bb][et_pb_cta title=\u00bbMatric\u00falate\u00bb button_url=\u00bbhttp:\/\/dev.antxieta.eus\/wp-content\/uploads\/2025\/12\/MATRIKULA-ORRIA.pdf\u00bb url_new_window=\u00bbon\u00bb button_text=\u00bbRellene la hoja de matr\u00edcula\u00bb _builder_version=\u00bb4.27.5&#8243; _module_preset=\u00bbdefault\u00bb header_text_color=\u00bb#FFFFFF\u00bb header_font_size=\u00bb18px\u00bb body_text_color=\u00bb#FFFFFF\u00bb body_font_size=\u00bb14px\u00bb background_color=\u00bb#d23e70&#8243; custom_button=\u00bbon\u00bb button_text_size=\u00bb16px\u00bb button_border_width=\u00bb1px\u00bb global_colors_info=\u00bb{}\u00bb]<\/p>\n<p>\u00a1No lo dud\u00e9is! \u00a1Ac\u00e9rcate y pregunta con calma, o rellena directamente el formulario y abre las posibilidades de disfrutar con la m\u00fasica!<\/p>\n<p>[\/et_pb_cta][\/et_pb_column][\/et_pb_row][et_pb_row _builder_version=\u00bb4.27.5&#8243; _module_preset=\u00bbdefault\u00bb global_colors_info=\u00bb{}\u00bb][et_pb_column type=\u00bb4_4&#8243; _builder_version=\u00bb4.27.5&#8243; _module_preset=\u00bbdefault\u00bb global_colors_info=\u00bb{}\u00bb][et_pb_divider _builder_version=\u00bb4.27.5&#8243; _module_preset=\u00bbdefault\u00bb global_colors_info=\u00bb{}\u00bb][\/et_pb_divider][et_pb_text admin_label=\u00bbTexto\u00bb _builder_version=\u00bb4.27.5&#8243; _module_preset=\u00bbdefault\u00bb text_font=\u00bb|600|||||||\u00bb text_text_color=\u00bb#d23e70&#8243; text_font_size=\u00bb20px\u00bb global_colors_info=\u00bb{}\u00bb]<\/p>\n<p>Y despu\u00e9s de matricularme, \u00bfqu\u00e9?<\/p>\n<p>[\/et_pb_text][et_pb_text admin_label=\u00bbTexto\u00bb _builder_version=\u00bb4.27.5&#8243; _module_preset=\u00bbdefault\u00bb text_text_color=\u00bb#343434&#8243; global_colors_info=\u00bb{}\u00bb]<\/p>\n<p>Una vez completada la matr\u00edcula, <strong>el\/la profesor\/a del instrumento se pone en contacto con alumnos\/as y familias<\/strong> para analizar y determinar las posibilidades horarias.<\/p>\n<p>[\/et_pb_text][et_pb_text _builder_version=\u00bb4.27.5&#8243; _module_preset=\u00bbdefault\u00bb text_text_color=\u00bb#343434&#8243; global_colors_info=\u00bb{}\u00bb]<\/p>\n<p>Los horarios de los grupos est\u00e1n recogidos en la p\u00e1gina web.<\/p>\n<p>[\/et_pb_text][et_pb_button button_url=\u00bbhttps:\/\/antxieta.eus\/wp-content\/uploads\/2025\/12\/Ordutegia-2025-2026.png\u00bb url_new_window=\u00bbon\u00bb button_text=\u00bbVer horarios de grupos\u00bb _builder_version=\u00bb4.27.5&#8243; _module_preset=\u00bbdefault\u00bb custom_button=\u00bbon\u00bb button_text_size=\u00bb16px\u00bb button_text_color=\u00bb#343434&#8243; button_border_width=\u00bb1px\u00bb global_colors_info=\u00bb{}\u00bb][\/et_pb_button][\/et_pb_column][\/et_pb_row][et_pb_row _builder_version=\u00bb4.27.5&#8243; _module_preset=\u00bbdefault\u00bb global_colors_info=\u00bb{}\u00bb][et_pb_column type=\u00bb4_4&#8243; _builder_version=\u00bb4.27.5&#8243; _module_preset=\u00bbdefault\u00bb global_colors_info=\u00bb{}\u00bb][et_pb_divider _builder_version=\u00bb4.27.5&#8243; _module_preset=\u00bbdefault\u00bb global_colors_info=\u00bb{}\u00bb][\/et_pb_divider][et_pb_text admin_label=\u00bbTexto\u00bb _builder_version=\u00bb4.27.5&#8243; _module_preset=\u00bbdefault\u00bb text_font=\u00bb|600|||||||\u00bb text_text_color=\u00bb#d23e70&#8243; text_font_size=\u00bb20px\u00bb global_colors_info=\u00bb{}\u00bb]<\/p>\n<p>Cuotas mensuales<\/p>\n<p>[\/et_pb_text][\/et_pb_column][\/et_pb_row][et_pb_row column_structure=\u00bb1_2,1_2&#8243; _builder_version=\u00bb4.27.5&#8243; _module_preset=\u00bbdefault\u00bb global_colors_info=\u00bb{}\u00bb][et_pb_column type=\u00bb1_2&#8243; _builder_version=\u00bb4.27.5&#8243; _module_preset=\u00bbdefault\u00bb global_colors_info=\u00bb{}\u00bb][et_pb_text _builder_version=\u00bb4.27.5&#8243; _module_preset=\u00bbdefault\u00bb text_text_color=\u00bb#343434&#8243; global_colors_info=\u00bb{}\u00bb]<\/p>\n<p>Los servicios que ofrecemos en la escuela de m\u00fasica Juan Antxieta <strong>se pagan a trav\u00e9s de una cuota mensual<\/strong>. Los importes de estas cuotas se recogen en la siguiente tabla:<\/p>\n<p>[\/et_pb_text][et_pb_image src=\u00bbhttps:\/\/antxieta.eus\/wp-content\/uploads\/2025\/12\/TAULA1_ES.png\u00bb title_text=\u00bbTabla precios\u00bb admin_label=\u00bbImagen\u00bb _builder_version=\u00bb4.27.5&#8243; _module_preset=\u00bbdefault\u00bb global_colors_info=\u00bb{}\u00bb][\/et_pb_image][\/et_pb_column][et_pb_column type=\u00bb1_2&#8243; _builder_version=\u00bb4.27.5&#8243; _module_preset=\u00bbdefault\u00bb global_colors_info=\u00bb{}\u00bb][et_pb_text _builder_version=\u00bb4.27.5&#8243; _module_preset=\u00bbdefault\u00bb text_text_color=\u00bb#343434&#8243; global_colors_info=\u00bb{}\u00bb]<\/p>\n<p>Como coment\u00e1bamos en la oferta general, desde la escuela de m\u00fasica Juan Antxieta <strong>apostamos por una educaci\u00f3n musical integral<\/strong>. Por ello, los precios de <strong>las combinaciones entre temas<\/strong> tendr\u00e1n otro tratamiento. En la siguiente tabla se recogen los importes de cuota de estas combinaciones:<\/p>\n<p>[\/et_pb_text][et_pb_image src=\u00bbhttps:\/\/antxieta.eus\/wp-content\/uploads\/2025\/12\/TAULA2_ES.png\u00bb title_text=\u00bbTabla precios\u00bb admin_label=\u00bbImagen\u00bb _builder_version=\u00bb4.27.5&#8243; _module_preset=\u00bbdefault\u00bb global_colors_info=\u00bb{}\u00bb][\/et_pb_image][et_pb_text _builder_version=\u00bb4.27.5&#8243; _module_preset=\u00bbdefault\u00bb text_text_color=\u00bb#343434&#8243; text_font_size=\u00bb14px\u00bb global_colors_info=\u00bb{}\u00bb]<\/p>\n<p><em>* Adem\u00e1s de los temas especificados, el alumno podr\u00e1 realizar un grupo instrumental o coral sin variaci\u00f3n en el precio.<\/em><\/p>\n<p>[\/et_pb_text][\/et_pb_column][\/et_pb_row][et_pb_row _builder_version=\u00bb4.27.5&#8243; _module_preset=\u00bbdefault\u00bb global_colors_info=\u00bb{}\u00bb][et_pb_column type=\u00bb4_4&#8243; _builder_version=\u00bb4.27.5&#8243; _module_preset=\u00bbdefault\u00bb global_colors_info=\u00bb{}\u00bb][et_pb_text admin_label=\u00bbTexto\u00bb _builder_version=\u00bb4.27.5&#8243; _module_preset=\u00bbdefault\u00bb text_font=\u00bb|600|||||||\u00bb text_text_color=\u00bb#d23e70&#8243; text_font_size=\u00bb20px\u00bb global_colors_info=\u00bb{}\u00bb]<\/p>\n<p>Facilidades para disfrutar de la m\u00fasica en familia<\/p>\n<p>[\/et_pb_text][et_pb_text _builder_version=\u00bb4.27.5&#8243; _module_preset=\u00bbdefault\u00bb text_text_color=\u00bb#343434&#8243; global_colors_info=\u00bb{}\u00bb]<\/p>\n<p>Teniendo en cuenta lo enriquecedor que es compartir m\u00fasica en la familia, las cuotas tienen un <strong>descuento en funci\u00f3n del n\u00famero de alumnos por familia<\/strong>.<\/p>\n<ul>\n<li>Dos miembros de una misma familia: <strong>5%<\/strong> de bonificaci\u00f3n.<\/li>\n<li>Tres miembros de una misma familia: <strong>10%<\/strong> de bonificaci\u00f3n.<\/li>\n<\/ul>\n<p>[\/et_pb_text][\/et_pb_column][\/et_pb_row][et_pb_row _builder_version=\u00bb4.27.5&#8243; _module_preset=\u00bbdefault\u00bb global_colors_info=\u00bb{}\u00bb][et_pb_column type=\u00bb4_4&#8243; _builder_version=\u00bb4.27.5&#8243; _module_preset=\u00bbdefault\u00bb global_colors_info=\u00bb{}\u00bb][et_pb_cta title=\u00bb\u00bfNo puedes seguir?\u00bb button_url=\u00bbhttp:\/\/dev.antxieta.eus\/wp-content\/uploads\/2025\/12\/BAJA-ORRIA.pdf\u00bb url_new_window=\u00bbon\u00bb button_text=\u00bbRellene la hoja de baja\u00bb _builder_version=\u00bb4.27.5&#8243; _module_preset=\u00bbdefault\u00bb header_text_color=\u00bb#343434&#8243; header_font_size=\u00bb18px\u00bb body_text_color=\u00bb#343434&#8243; body_font_size=\u00bb14px\u00bb background_color=\u00bb#f3f3f3&#8243; custom_button=\u00bbon\u00bb button_text_size=\u00bb16px\u00bb button_text_color=\u00bb#343434&#8243; button_border_width=\u00bb1px\u00bb background_layout=\u00bblight\u00bb global_colors_info=\u00bb{}\u00bb]<\/p>\n<p><strong>Puedes utilizar los plazos de matriculaci\u00f3n para darte de baja<\/strong>. Para ello deber\u00e1s <strong>presentar la hoja de baja completada<\/strong> que encontrar\u00e1s tanto en la oficina como en la p\u00e1gina web. Ten en cuenta que si est\u00e1s en duda con alg\u00fan tema, tendr\u00e1s septiembre como prueba; si sigues adelante, aceptando el compromiso de cuotas de los pr\u00f3ximos meses.<\/p>\n<p>[\/et_pb_cta][\/et_pb_column][\/et_pb_row][\/et_pb_section]<\/p>\n","protected":false},"excerpt":{"rendered":"<p>En la escuela de m\u00fasica Juan Antxieta tenemos una oferta muy variada. Para acceder a estas opciones hay que inscribirse y aqu\u00ed ten\u00e9is los criterios para ello:\u00bfD\u00d3NDE? Soreasu 1, en la oficina de la planta 2\u00aa. a trav\u00e9s del correo electr\u00f3nico antxieta@antxieta.eus, completando el formulario disponible en la p\u00e1gina web. Llamando al 656 008 040.\u00bfCU\u00c1NDO? [&hellip;]<\/p>\n","protected":false},"author":3,"featured_media":0,"parent":0,"menu_order":0,"comment_status":"closed","ping_status":"closed","template":"","meta":{"_et_pb_use_builder":"on","_et_pb_old_content":"","_et_gb_content_width":"","footnotes":""},"class_list":["post-1190","page","type-page","status-publish","hentry"],"yoast_head":"<!-- This site is optimized with the Yoast SEO plugin v26.9 - https:\/\/yoast.com\/product\/yoast-seo-wordpress\/ -->\n<title>Matriculaci\u00f3n | Juan de Antxieta Musika Eskola<\/title>\n<meta name=\"robots\" content=\"index, follow, max-snippet:-1, max-image-preview:large, max-video-preview:-1\" \/>\n<link rel=\"canonical\" href=\"https:\/\/antxieta.eus\/es\/matriculacion\/\" \/>\n<meta property=\"og:locale\" content=\"es_ES\" \/>\n<meta property=\"og:type\" content=\"article\" \/>\n<meta property=\"og:title\" content=\"Matriculaci\u00f3n | Juan de Antxieta Musika Eskola\" \/>\n<meta property=\"og:description\" content=\"En la escuela de m\u00fasica Juan Antxieta tenemos una oferta muy variada. Para acceder a estas opciones hay que inscribirse y aqu\u00ed ten\u00e9is los criterios para ello:\u00bfD\u00d3NDE? Soreasu 1, en la oficina de la planta 2\u00aa. a trav\u00e9s del correo electr\u00f3nico antxieta@antxieta.eus, completando el formulario disponible en la p\u00e1gina web. Llamando al 656 008 040.\u00bfCU\u00c1NDO? [&hellip;]\" \/>\n<meta property=\"og:url\" content=\"https:\/\/antxieta.eus\/es\/matriculacion\/\" \/>\n<meta property=\"og:site_name\" content=\"Juan de Antxieta Musika Eskola\" \/>\n<meta property=\"article:modified_time\" content=\"2026-01-14T16:52:19+00:00\" \/>\n<meta name=\"twitter:card\" content=\"summary_large_image\" \/>\n<meta name=\"twitter:label1\" content=\"Tiempo de lectura\" \/>\n\t<meta name=\"twitter:data1\" content=\"3 minutos\" \/>\n<script type=\"application\/ld+json\" class=\"yoast-schema-graph\">{\"@context\":\"https:\/\/schema.org\",\"@graph\":[{\"@type\":\"WebPage\",\"@id\":\"https:\/\/antxieta.eus\/es\/matriculacion\/\",\"url\":\"https:\/\/antxieta.eus\/es\/matriculacion\/\",\"name\":\"Matriculaci\u00f3n | Juan de Antxieta Musika Eskola\",\"isPartOf\":{\"@id\":\"https:\/\/antxieta.eus\/es\/#website\"},\"datePublished\":\"2025-12-20T10:56:43+00:00\",\"dateModified\":\"2026-01-14T16:52:19+00:00\",\"breadcrumb\":{\"@id\":\"https:\/\/antxieta.eus\/es\/matriculacion\/#breadcrumb\"},\"inLanguage\":\"es\",\"potentialAction\":[{\"@type\":\"ReadAction\",\"target\":[\"https:\/\/antxieta.eus\/es\/matriculacion\/\"]}]},{\"@type\":\"BreadcrumbList\",\"@id\":\"https:\/\/antxieta.eus\/es\/matriculacion\/#breadcrumb\",\"itemListElement\":[{\"@type\":\"ListItem\",\"position\":1,\"name\":\"Home\",\"item\":\"https:\/\/antxieta.eus\/es\/\"},{\"@type\":\"ListItem\",\"position\":2,\"name\":\"Matriculaci\u00f3n\"}]},{\"@type\":\"WebSite\",\"@id\":\"https:\/\/antxieta.eus\/es\/#website\",\"url\":\"https:\/\/antxieta.eus\/es\/\",\"name\":\"Juan de Antxieta Musika Eskola\",\"description\":\"Zure doinua aurkitu, zure ahotsa entzun.\",\"potentialAction\":[{\"@type\":\"SearchAction\",\"target\":{\"@type\":\"EntryPoint\",\"urlTemplate\":\"https:\/\/antxieta.eus\/es\/?s={search_term_string}\"},\"query-input\":{\"@type\":\"PropertyValueSpecification\",\"valueRequired\":true,\"valueName\":\"search_term_string\"}}],\"inLanguage\":\"es\"}]}<\/script>\n<!-- \/ Yoast SEO plugin. -->","yoast_head_json":{"title":"Matriculaci\u00f3n | Juan de Antxieta Musika Eskola","robots":{"index":"index","follow":"follow","max-snippet":"max-snippet:-1","max-image-preview":"max-image-preview:large","max-video-preview":"max-video-preview:-1"},"canonical":"https:\/\/antxieta.eus\/es\/matriculacion\/","og_locale":"es_ES","og_type":"article","og_title":"Matriculaci\u00f3n | Juan de Antxieta Musika Eskola","og_description":"En la escuela de m\u00fasica Juan Antxieta tenemos una oferta muy variada. Para acceder a estas opciones hay que inscribirse y aqu\u00ed ten\u00e9is los criterios para ello:\u00bfD\u00d3NDE? Soreasu 1, en la oficina de la planta 2\u00aa. a trav\u00e9s del correo electr\u00f3nico antxieta@antxieta.eus, completando el formulario disponible en la p\u00e1gina web. Llamando al 656 008 040.\u00bfCU\u00c1NDO? [&hellip;]","og_url":"https:\/\/antxieta.eus\/es\/matriculacion\/","og_site_name":"Juan de Antxieta Musika Eskola","article_modified_time":"2026-01-14T16:52:19+00:00","twitter_card":"summary_large_image","twitter_misc":{"Tiempo de lectura":"3 minutos"},"schema":{"@context":"https:\/\/schema.org","@graph":[{"@type":"WebPage","@id":"https:\/\/antxieta.eus\/es\/matriculacion\/","url":"https:\/\/antxieta.eus\/es\/matriculacion\/","name":"Matriculaci\u00f3n | Juan de Antxieta Musika Eskola","isPartOf":{"@id":"https:\/\/antxieta.eus\/es\/#website"},"datePublished":"2025-12-20T10:56:43+00:00","dateModified":"2026-01-14T16:52:19+00:00","breadcrumb":{"@id":"https:\/\/antxieta.eus\/es\/matriculacion\/#breadcrumb"},"inLanguage":"es","potentialAction":[{"@type":"ReadAction","target":["https:\/\/antxieta.eus\/es\/matriculacion\/"]}]},{"@type":"BreadcrumbList","@id":"https:\/\/antxieta.eus\/es\/matriculacion\/#breadcrumb","itemListElement":[{"@type":"ListItem","position":1,"name":"Home","item":"https:\/\/antxieta.eus\/es\/"},{"@type":"ListItem","position":2,"name":"Matriculaci\u00f3n"}]},{"@type":"WebSite","@id":"https:\/\/antxieta.eus\/es\/#website","url":"https:\/\/antxieta.eus\/es\/","name":"Juan de Antxieta Musika Eskola","description":"Zure doinua aurkitu, zure ahotsa entzun.","potentialAction":[{"@type":"SearchAction","target":{"@type":"EntryPoint","urlTemplate":"https:\/\/antxieta.eus\/es\/?s={search_term_string}"},"query-input":{"@type":"PropertyValueSpecification","valueRequired":true,"valueName":"search_term_string"}}],"inLanguage":"es"}]}},"_links":{"self":[{"href":"https:\/\/antxieta.eus\/es\/wp-json\/wp\/v2\/pages\/1190","targetHints":{"allow":["GET"]}}],"collection":[{"href":"https:\/\/antxieta.eus\/es\/wp-json\/wp\/v2\/pages"}],"about":[{"href":"https:\/\/antxieta.eus\/es\/wp-json\/wp\/v2\/types\/page"}],"author":[{"embeddable":true,"href":"https:\/\/antxieta.eus\/es\/wp-json\/wp\/v2\/users\/3"}],"replies":[{"embeddable":true,"href":"https:\/\/antxieta.eus\/es\/wp-json\/wp\/v2\/comments?post=1190"}],"version-history":[{"count":4,"href":"https:\/\/antxieta.eus\/es\/wp-json\/wp\/v2\/pages\/1190\/revisions"}],"predecessor-version":[{"id":1204,"href":"https:\/\/antxieta.eus\/es\/wp-json\/wp\/v2\/pages\/1190\/revisions\/1204"}],"wp:attachment":[{"href":"https:\/\/antxieta.eus\/es\/wp-json\/wp\/v2\/media?parent=1190"}],"curies":[{"name":"wp","href":"https:\/\/api.w.org\/{rel}","templated":true}]}}