{"id":1181,"date":"2025-12-20T12:53:29","date_gmt":"2025-12-20T10:53:29","guid":{"rendered":"https:\/\/antxieta.eus\/?page_id=1181"},"modified":"2026-04-07T11:05:18","modified_gmt":"2026-04-07T09:05:18","slug":"documentacion","status":"publish","type":"page","link":"https:\/\/antxieta.eus\/es\/documentacion\/","title":{"rendered":"Documentaci\u00f3n"},"content":{"rendered":"<p>[et_pb_section fb_built=\u00bb1&#8243; _builder_version=\u00bb4.27.4&#8243; _module_preset=\u00bbdefault\u00bb global_colors_info=\u00bb{}\u00bb][et_pb_row column_structure=\u00bb1_3,1_3,1_3&#8243; _builder_version=\u00bb4.27.5&#8243; _module_preset=\u00bbdefault\u00bb global_colors_info=\u00bb{}\u00bb][et_pb_column type=\u00bb1_3&#8243; _builder_version=\u00bb4.27.5&#8243; _module_preset=\u00bbdefault\u00bb global_colors_info=\u00bb{}\u00bb][et_pb_text _builder_version=\u00bb4.27.5&#8243; _module_preset=\u00bbdefault\u00bb text_font=\u00bb|600|||||||\u00bb text_text_color=\u00bb#d23e70&#8243; text_font_size=\u00bb16px\u00bb text_orientation=\u00bbcenter\u00bb hover_enabled=\u00bb0&#8243; global_colors_info=\u00bb{}\u00bb sticky_enabled=\u00bb0&#8243;]<\/p>\n<p>SOLICITUD DE MATRICULACI\u00d3N<\/p>\n<p>[\/et_pb_text][et_pb_image src=\u00bbhttps:\/\/antxieta.eus\/wp-content\/uploads\/2025\/12\/MATRIKULA-ORRIA-scaled-1.jpg\u00bb title_text=\u00bbMATRIKULA ORRIA\u00bb url=\u00bbhttps:\/\/antxieta.eus\/wp-content\/uploads\/2025\/11\/MATRIKULA-ORRIA.pdf\u00bb url_new_window=\u00bbon\u00bb use_overlay=\u00bbon\u00bb overlay_icon_color=\u00bb#d23e70&#8243; hover_overlay_color=\u00bbrgba(243,243,243,0.5)\u00bb hover_icon=\u00bb&#x54;||divi||400&#8243; _builder_version=\u00bb4.27.5&#8243; _module_preset=\u00bbdefault\u00bb hover_enabled=\u00bb0&#8243; border_radii=\u00bbon|3px|3px|3px|3px\u00bb border_width_all=\u00bb1px\u00bb border_color_all=\u00bbrgba(52,52,52,0.4)\u00bb global_colors_info=\u00bb{}\u00bb sticky_enabled=\u00bb0&#8243;][\/et_pb_image][\/et_pb_column][et_pb_column type=\u00bb1_3&#8243; _builder_version=\u00bb4.27.5&#8243; _module_preset=\u00bbdefault\u00bb global_colors_info=\u00bb{}\u00bb][et_pb_text _builder_version=\u00bb4.27.5&#8243; _module_preset=\u00bbdefault\u00bb text_font=\u00bb|600|||||||\u00bb text_text_color=\u00bb#d23e70&#8243; text_font_size=\u00bb16px\u00bb text_orientation=\u00bbcenter\u00bb global_colors_info=\u00bb{}\u00bb]<\/p>\n<p>SOLICITUD DE BAJA<\/p>\n<p>[\/et_pb_text][et_pb_image src=\u00bbhttps:\/\/antxieta.eus\/wp-content\/uploads\/2025\/12\/BAJA-ORRIA-scaled-1.jpg\u00bb title_text=\u00bbBAJA ORRIA\u00bb url=\u00bbhttps:\/\/antxieta.eus\/wp-content\/uploads\/2026\/04\/BAJA-ORRIA.pdf\u00bb url_new_window=\u00bbon\u00bb use_overlay=\u00bbon\u00bb overlay_icon_color=\u00bb#d23e70&#8243; hover_overlay_color=\u00bbrgba(243,243,243,0.5)\u00bb hover_icon=\u00bb&#x54;||divi||400&#8243; _builder_version=\u00bb4.27.5&#8243; _module_preset=\u00bbdefault\u00bb hover_enabled=\u00bb0&#8243; border_radii=\u00bbon|3px|3px|3px|3px\u00bb border_width_all=\u00bb1px\u00bb border_color_all=\u00bbrgba(52,52,52,0.4)\u00bb global_colors_info=\u00bb{}\u00bb sticky_enabled=\u00bb0&#8243;][\/et_pb_image][\/et_pb_column][et_pb_column type=\u00bb1_3&#8243; _builder_version=\u00bb4.27.5&#8243; _module_preset=\u00bbdefault\u00bb global_colors_info=\u00bb{}\u00bb][et_pb_text _builder_version=\u00bb4.27.5&#8243; _module_preset=\u00bbdefault\u00bb text_font=\u00bb|600|||||||\u00bb text_text_color=\u00bb#d23e70&#8243; text_font_size=\u00bb16px\u00bb text_orientation=\u00bbcenter\u00bb global_colors_info=\u00bb{}\u00bb]<\/p>\n<p>PROTECCI\u00d3N DE DATOS<\/p>\n<p>[\/et_pb_text][et_pb_image src=\u00bbhttps:\/\/antxieta.eus\/wp-content\/uploads\/2025\/12\/IKASLEEN-IRUDIAK-ERABILTZEKO-BAIMEN-ESKAERA-1-scaled-1.jpg\u00bb title_text=\u00bbIKASLEEN IRUDIAK ERABILTZEKO BAIMEN ESKAERA\u00bb url=\u00bbhttps:\/\/antxieta.eus\/wp-content\/uploads\/2026\/04\/IKASLEEN-IRUDIAK-ERABILTZEKO-BAIMEN-ESKAERA.pdf\u00bb url_new_window=\u00bbon\u00bb use_overlay=\u00bbon\u00bb overlay_icon_color=\u00bb#d23e70&#8243; hover_overlay_color=\u00bbrgba(243,243,243,0.5)\u00bb hover_icon=\u00bb&#x54;||divi||400&#8243; _builder_version=\u00bb4.27.5&#8243; _module_preset=\u00bbdefault\u00bb hover_enabled=\u00bb0&#8243; border_radii=\u00bbon|3px|3px|3px|3px\u00bb border_width_all=\u00bb1px\u00bb border_color_all=\u00bbrgba(52,52,52,0.4)\u00bb global_colors_info=\u00bb{}\u00bb sticky_enabled=\u00bb0&#8243;][\/et_pb_image][\/et_pb_column][\/et_pb_row][\/et_pb_section]<\/p>\n","protected":false},"excerpt":{"rendered":"<p>SOLICITUD DE MATRICULACI\u00d3NSOLICITUD DE BAJAPROTECCI\u00d3N DE DATOS<\/p>\n","protected":false},"author":3,"featured_media":0,"parent":0,"menu_order":0,"comment_status":"closed","ping_status":"closed","template":"","meta":{"_et_pb_use_builder":"on","_et_pb_old_content":"","_et_gb_content_width":"","footnotes":""},"class_list":["post-1181","page","type-page","status-publish","hentry"],"yoast_head":"<!-- This site is optimized with the Yoast SEO plugin v27.4 - https:\/\/yoast.com\/product\/yoast-seo-wordpress\/ -->\n<title>Documentaci\u00f3n | Juan de Antxieta Musika Eskola<\/title>\n<meta name=\"robots\" content=\"index, follow, max-snippet:-1, max-image-preview:large, max-video-preview:-1\" \/>\n<link rel=\"canonical\" href=\"https:\/\/antxieta.eus\/es\/documentacion\/\" \/>\n<meta property=\"og:locale\" content=\"es_ES\" \/>\n<meta property=\"og:type\" content=\"article\" \/>\n<meta property=\"og:title\" content=\"Documentaci\u00f3n | Juan de Antxieta Musika Eskola\" \/>\n<meta property=\"og:description\" content=\"SOLICITUD DE MATRICULACI\u00d3NSOLICITUD DE BAJAPROTECCI\u00d3N DE DATOS\" \/>\n<meta property=\"og:url\" content=\"https:\/\/antxieta.eus\/es\/documentacion\/\" \/>\n<meta property=\"og:site_name\" content=\"Juan de Antxieta Musika Eskola\" \/>\n<meta property=\"article:modified_time\" content=\"2026-04-07T09:05:18+00:00\" \/>\n<meta name=\"twitter:card\" content=\"summary_large_image\" \/>\n<meta name=\"twitter:label1\" content=\"Tiempo de lectura\" \/>\n\t<meta name=\"twitter:data1\" content=\"1 minuto\" \/>\n<script type=\"application\/ld+json\" class=\"yoast-schema-graph\">{\"@context\":\"https:\\\/\\\/schema.org\",\"@graph\":[{\"@type\":\"WebPage\",\"@id\":\"https:\\\/\\\/antxieta.eus\\\/es\\\/documentacion\\\/\",\"url\":\"https:\\\/\\\/antxieta.eus\\\/es\\\/documentacion\\\/\",\"name\":\"Documentaci\u00f3n | Juan de Antxieta Musika Eskola\",\"isPartOf\":{\"@id\":\"https:\\\/\\\/antxieta.eus\\\/es\\\/#website\"},\"datePublished\":\"2025-12-20T10:53:29+00:00\",\"dateModified\":\"2026-04-07T09:05:18+00:00\",\"breadcrumb\":{\"@id\":\"https:\\\/\\\/antxieta.eus\\\/es\\\/documentacion\\\/#breadcrumb\"},\"inLanguage\":\"es\",\"potentialAction\":[{\"@type\":\"ReadAction\",\"target\":[\"https:\\\/\\\/antxieta.eus\\\/es\\\/documentacion\\\/\"]}]},{\"@type\":\"BreadcrumbList\",\"@id\":\"https:\\\/\\\/antxieta.eus\\\/es\\\/documentacion\\\/#breadcrumb\",\"itemListElement\":[{\"@type\":\"ListItem\",\"position\":1,\"name\":\"Home\",\"item\":\"https:\\\/\\\/antxieta.eus\\\/es\\\/\"},{\"@type\":\"ListItem\",\"position\":2,\"name\":\"Documentaci\u00f3n\"}]},{\"@type\":\"WebSite\",\"@id\":\"https:\\\/\\\/antxieta.eus\\\/es\\\/#website\",\"url\":\"https:\\\/\\\/antxieta.eus\\\/es\\\/\",\"name\":\"Juan de Antxieta Musika Eskola\",\"description\":\"Zure doinua aurkitu, zure ahotsa entzun.\",\"potentialAction\":[{\"@type\":\"SearchAction\",\"target\":{\"@type\":\"EntryPoint\",\"urlTemplate\":\"https:\\\/\\\/antxieta.eus\\\/es\\\/?s={search_term_string}\"},\"query-input\":{\"@type\":\"PropertyValueSpecification\",\"valueRequired\":true,\"valueName\":\"search_term_string\"}}],\"inLanguage\":\"es\"}]}<\/script>\n<!-- \/ Yoast SEO plugin. -->","yoast_head_json":{"title":"Documentaci\u00f3n | Juan de Antxieta Musika Eskola","robots":{"index":"index","follow":"follow","max-snippet":"max-snippet:-1","max-image-preview":"max-image-preview:large","max-video-preview":"max-video-preview:-1"},"canonical":"https:\/\/antxieta.eus\/es\/documentacion\/","og_locale":"es_ES","og_type":"article","og_title":"Documentaci\u00f3n | Juan de Antxieta Musika Eskola","og_description":"SOLICITUD DE MATRICULACI\u00d3NSOLICITUD DE BAJAPROTECCI\u00d3N DE DATOS","og_url":"https:\/\/antxieta.eus\/es\/documentacion\/","og_site_name":"Juan de Antxieta Musika Eskola","article_modified_time":"2026-04-07T09:05:18+00:00","twitter_card":"summary_large_image","twitter_misc":{"Tiempo de lectura":"1 minuto"},"schema":{"@context":"https:\/\/schema.org","@graph":[{"@type":"WebPage","@id":"https:\/\/antxieta.eus\/es\/documentacion\/","url":"https:\/\/antxieta.eus\/es\/documentacion\/","name":"Documentaci\u00f3n | Juan de Antxieta Musika Eskola","isPartOf":{"@id":"https:\/\/antxieta.eus\/es\/#website"},"datePublished":"2025-12-20T10:53:29+00:00","dateModified":"2026-04-07T09:05:18+00:00","breadcrumb":{"@id":"https:\/\/antxieta.eus\/es\/documentacion\/#breadcrumb"},"inLanguage":"es","potentialAction":[{"@type":"ReadAction","target":["https:\/\/antxieta.eus\/es\/documentacion\/"]}]},{"@type":"BreadcrumbList","@id":"https:\/\/antxieta.eus\/es\/documentacion\/#breadcrumb","itemListElement":[{"@type":"ListItem","position":1,"name":"Home","item":"https:\/\/antxieta.eus\/es\/"},{"@type":"ListItem","position":2,"name":"Documentaci\u00f3n"}]},{"@type":"WebSite","@id":"https:\/\/antxieta.eus\/es\/#website","url":"https:\/\/antxieta.eus\/es\/","name":"Juan de Antxieta Musika Eskola","description":"Zure doinua aurkitu, zure ahotsa entzun.","potentialAction":[{"@type":"SearchAction","target":{"@type":"EntryPoint","urlTemplate":"https:\/\/antxieta.eus\/es\/?s={search_term_string}"},"query-input":{"@type":"PropertyValueSpecification","valueRequired":true,"valueName":"search_term_string"}}],"inLanguage":"es"}]}},"_links":{"self":[{"href":"https:\/\/antxieta.eus\/es\/wp-json\/wp\/v2\/pages\/1181","targetHints":{"allow":["GET"]}}],"collection":[{"href":"https:\/\/antxieta.eus\/es\/wp-json\/wp\/v2\/pages"}],"about":[{"href":"https:\/\/antxieta.eus\/es\/wp-json\/wp\/v2\/types\/page"}],"author":[{"embeddable":true,"href":"https:\/\/antxieta.eus\/es\/wp-json\/wp\/v2\/users\/3"}],"replies":[{"embeddable":true,"href":"https:\/\/antxieta.eus\/es\/wp-json\/wp\/v2\/comments?post=1181"}],"version-history":[{"count":5,"href":"https:\/\/antxieta.eus\/es\/wp-json\/wp\/v2\/pages\/1181\/revisions"}],"predecessor-version":[{"id":1348,"href":"https:\/\/antxieta.eus\/es\/wp-json\/wp\/v2\/pages\/1181\/revisions\/1348"}],"wp:attachment":[{"href":"https:\/\/antxieta.eus\/es\/wp-json\/wp\/v2\/media?parent=1181"}],"curies":[{"name":"wp","href":"https:\/\/api.w.org\/{rel}","templated":true}]}}